{"id":671,"date":"2022-08-23T13:47:52","date_gmt":"2022-08-23T11:47:52","guid":{"rendered":"http:\/\/oasl.org\/new\/?page_id=671"},"modified":"2022-10-15T15:30:19","modified_gmt":"2022-10-15T13:30:19","slug":"musiques-2","status":"publish","type":"page","link":"http:\/\/oasl.org\/new\/index.php\/musiques-2\/","title":{"rendered":"Musiques"},"content":{"rendered":"\n<p>Tous les enregistrements de nos prestations sont disponibles \u00e0 la page <a href=\"http:\/\/oasl.org\/new\/index.php\/musiques\/\" data-type=\"URL\" data-id=\"http:\/\/oasl.org\/new\/index.php\/musiques\/\">Musique<\/a>, sous forme de Playlist par prestation, accessible depuis le menu principal. <\/p>\n\n\n\n<p>Les enregistrements sont class\u00e9s par ordre d\u00e9croissant du plus r\u00e9cent au plus ancien. <\/p>\n\n\n\n<p>L&#8217;acc\u00e8s aux photos et aux vid\u00e9os de chaque prestation, pour peu qu&#8217;elles soient disponibles, se fait par simple lien situ\u00e9 sous le titre, avant les musiques.<\/p>\n\n\n\n<h2 class=\"wp-block-heading\">CD Arc-en-Ciel<\/h2>\n\n\n\n<p>Notre CD &#8220;Arc-En-Ciel&#8221; enregistr\u00e9 en studio est disponible \u00e0 la vente et aussi \u00e0 l&#8217;\u00e9coute en ligne ici<\/p>\n\n\n<div id=\"audioigniter-748\" class=\"audioigniter-root \" data-player-type=\"full\" data-tracks-url=\"http:\/\/oasl.org\/new\/?audioigniter_playlist_id=748\" data-display-track-no=\"true\" data-reverse-track-order=\"false\" data-display-tracklist-covers=\"true\" data-display-active-cover=\"true\" data-display-artist-names=\"true\" data-display-buy-buttons=\"false\" data-buy-buttons-target=\"false\" data-cycle-tracks=\"false\" data-display-credits=\"false\" data-display-tracklist=\"true\" data-allow-tracklist-toggle=\"true\" data-allow-tracklist-loop=\"true\" data-limit-tracklist-height=\"true\" data-volume=\"50\" data-tracklist-height=\"185\" ><\/div>\n","protected":false},"excerpt":{"rendered":"<p>Tous les enregistrements de nos prestations sont disponibles \u00e0 la page Musique, sous forme de Playlist par prestation, accessible depuis le menu principal. Les enregistrements sont class\u00e9s par ordre d\u00e9croissant du plus r\u00e9cent au plus ancien. L&#8217;acc\u00e8s aux photos et<\/p>\n","protected":false},"author":1,"featured_media":17,"parent":0,"menu_order":0,"comment_status":"closed","ping_status":"closed","template":"","meta":[],"_links":{"self":[{"href":"http:\/\/oasl.org\/new\/index.php\/wp-json\/wp\/v2\/pages\/671"}],"collection":[{"href":"http:\/\/oasl.org\/new\/index.php\/wp-json\/wp\/v2\/pages"}],"about":[{"href":"http:\/\/oasl.org\/new\/index.php\/wp-json\/wp\/v2\/types\/page"}],"author":[{"embeddable":true,"href":"http:\/\/oasl.org\/new\/index.php\/wp-json\/wp\/v2\/users\/1"}],"replies":[{"embeddable":true,"href":"http:\/\/oasl.org\/new\/index.php\/wp-json\/wp\/v2\/comments?post=671"}],"version-history":[{"count":4,"href":"http:\/\/oasl.org\/new\/index.php\/wp-json\/wp\/v2\/pages\/671\/revisions"}],"predecessor-version":[{"id":765,"href":"http:\/\/oasl.org\/new\/index.php\/wp-json\/wp\/v2\/pages\/671\/revisions\/765"}],"wp:featuredmedia":[{"embeddable":true,"href":"http:\/\/oasl.org\/new\/index.php\/wp-json\/wp\/v2\/media\/17"}],"wp:attachment":[{"href":"http:\/\/oasl.org\/new\/index.php\/wp-json\/wp\/v2\/media?parent=671"}],"curies":[{"name":"wp","href":"https:\/\/api.w.org\/{rel}","templated":true}]}}