{"id":673,"date":"2022-08-23T13:48:52","date_gmt":"2022-08-23T11:48:52","guid":{"rendered":"http:\/\/oasl.org\/new\/?page_id=673"},"modified":"2022-10-15T15:30:49","modified_gmt":"2022-10-15T13:30:49","slug":"videos-2","status":"publish","type":"page","link":"http:\/\/oasl.org\/new\/index.php\/videos-2\/","title":{"rendered":"Vid\u00e9os"},"content":{"rendered":"\n<p>Tous les enregistrements vid\u00e9os de nos prestations sont disponibles \u00e0 la page <a href=\"http:\/\/oasl.org\/new\/index.php\/videos\/\" data-type=\"URL\" data-id=\"http:\/\/oasl.org\/new\/index.php\/videos\/\">Vid\u00e9os<\/a>, sous forme individuelle et\/ou de Playlist par prestation, accessible depuis le menu principal. <\/p>\n\n\n\n<p>Les enregistrements sont class\u00e9s par ordre d\u00e9croissant du plus r\u00e9cent au plus ancien. <\/p>\n\n\n\n<p>L&#8217;acc\u00e8s aux photos et aux musiques de chaque prestation, pour peu qu&#8217;elles soient disponibles, se fait par simple lien situ\u00e9 sous le titre, avant les vid\u00e9os.<\/p>\n","protected":false},"excerpt":{"rendered":"<p>Tous les enregistrements vid\u00e9os de nos prestations sont disponibles \u00e0 la page Vid\u00e9os, sous forme individuelle et\/ou de Playlist par prestation, accessible depuis le menu principal. Les enregistrements sont class\u00e9s par ordre d\u00e9croissant du plus r\u00e9cent au plus ancien. L&#8217;acc\u00e8s<\/p>\n","protected":false},"author":1,"featured_media":17,"parent":0,"menu_order":0,"comment_status":"closed","ping_status":"closed","template":"","meta":[],"_links":{"self":[{"href":"http:\/\/oasl.org\/new\/index.php\/wp-json\/wp\/v2\/pages\/673"}],"collection":[{"href":"http:\/\/oasl.org\/new\/index.php\/wp-json\/wp\/v2\/pages"}],"about":[{"href":"http:\/\/oasl.org\/new\/index.php\/wp-json\/wp\/v2\/types\/page"}],"author":[{"embeddable":true,"href":"http:\/\/oasl.org\/new\/index.php\/wp-json\/wp\/v2\/users\/1"}],"replies":[{"embeddable":true,"href":"http:\/\/oasl.org\/new\/index.php\/wp-json\/wp\/v2\/comments?post=673"}],"version-history":[{"count":2,"href":"http:\/\/oasl.org\/new\/index.php\/wp-json\/wp\/v2\/pages\/673\/revisions"}],"predecessor-version":[{"id":680,"href":"http:\/\/oasl.org\/new\/index.php\/wp-json\/wp\/v2\/pages\/673\/revisions\/680"}],"wp:featuredmedia":[{"embeddable":true,"href":"http:\/\/oasl.org\/new\/index.php\/wp-json\/wp\/v2\/media\/17"}],"wp:attachment":[{"href":"http:\/\/oasl.org\/new\/index.php\/wp-json\/wp\/v2\/media?parent=673"}],"curies":[{"name":"wp","href":"https:\/\/api.w.org\/{rel}","templated":true}]}}