{"id":675,"date":"2022-08-23T13:50:07","date_gmt":"2022-08-23T11:50:07","guid":{"rendered":"http:\/\/oasl.org\/new\/?page_id=675"},"modified":"2022-10-15T15:30:48","modified_gmt":"2022-10-15T13:30:48","slug":"photos-2","status":"publish","type":"page","link":"http:\/\/oasl.org\/new\/index.php\/photos-2\/","title":{"rendered":"Photos"},"content":{"rendered":"\n<p>Tous les photos de nos prestations sont disponibles \u00e0 la page <a href=\"http:\/\/oasl.org\/new\/index.php\/photos\/\" data-type=\"URL\" data-id=\"http:\/\/oasl.org\/new\/index.php\/photos\/\">Photos<\/a>, par prestation, accessible depuis le menu principal. <\/p>\n\n\n\n<p>Les prestations sont class\u00e9es par ordre d\u00e9croissant de la plus r\u00e9cente \u00e0 la plus ancienne. <\/p>\n\n\n\n<p>L&#8217;acc\u00e8s aux musiques et aux vid\u00e9os de chaque prestation, pour peu qu&#8217;elles soient disponibles, se fait par simple lien situ\u00e9 sous le titre, avant les photos.<\/p>\n","protected":false},"excerpt":{"rendered":"<p>Tous les photos de nos prestations sont disponibles \u00e0 la page Photos, par prestation, accessible depuis le menu principal. Les prestations sont class\u00e9es par ordre d\u00e9croissant de la plus r\u00e9cente \u00e0 la plus ancienne. L&#8217;acc\u00e8s aux musiques et aux vid\u00e9os<\/p>\n","protected":false},"author":1,"featured_media":17,"parent":0,"menu_order":0,"comment_status":"closed","ping_status":"closed","template":"","meta":[],"_links":{"self":[{"href":"http:\/\/oasl.org\/new\/index.php\/wp-json\/wp\/v2\/pages\/675"}],"collection":[{"href":"http:\/\/oasl.org\/new\/index.php\/wp-json\/wp\/v2\/pages"}],"about":[{"href":"http:\/\/oasl.org\/new\/index.php\/wp-json\/wp\/v2\/types\/page"}],"author":[{"embeddable":true,"href":"http:\/\/oasl.org\/new\/index.php\/wp-json\/wp\/v2\/users\/1"}],"replies":[{"embeddable":true,"href":"http:\/\/oasl.org\/new\/index.php\/wp-json\/wp\/v2\/comments?post=675"}],"version-history":[{"count":2,"href":"http:\/\/oasl.org\/new\/index.php\/wp-json\/wp\/v2\/pages\/675\/revisions"}],"predecessor-version":[{"id":682,"href":"http:\/\/oasl.org\/new\/index.php\/wp-json\/wp\/v2\/pages\/675\/revisions\/682"}],"wp:featuredmedia":[{"embeddable":true,"href":"http:\/\/oasl.org\/new\/index.php\/wp-json\/wp\/v2\/media\/17"}],"wp:attachment":[{"href":"http:\/\/oasl.org\/new\/index.php\/wp-json\/wp\/v2\/media?parent=675"}],"curies":[{"name":"wp","href":"https:\/\/api.w.org\/{rel}","templated":true}]}}