{"id":677,"date":"2022-08-23T13:56:35","date_gmt":"2022-08-23T11:56:35","guid":{"rendered":"http:\/\/oasl.org\/new\/?page_id=677"},"modified":"2022-10-15T15:30:48","modified_gmt":"2022-10-15T13:30:48","slug":"prestations","status":"publish","type":"page","link":"http:\/\/oasl.org\/new\/index.php\/prestations\/","title":{"rendered":"Prestations"},"content":{"rendered":"\n<p>Tous les d\u00e9tails de nos prestations sont accessibles depuis la page <a href=\"http:\/\/oasl.org\/new\/index.php\/recherche\/\" data-type=\"URL\" data-id=\"http:\/\/oasl.org\/new\/index.php\/recherche\/\">Historique<\/a>, accessible depuis le menu principal. <\/p>\n\n\n\n<p>Les prestations sont class\u00e9es par ordre d\u00e9croissant, de la plus r\u00e9cente \u00e0 la plus ancienne. <\/p>\n\n\n\n<p>L&#8217;acc\u00e8s aux musiques, aux photos et aux vid\u00e9os de chaque prestation, pour peu qu&#8217;elles soient disponibles, se fait par simple lien situ\u00e9 sous l&#8217;intitul\u00e9 de la prestation.<\/p>\n\n\n\n<p>De plus, le champ &#8220;Recherche&#8221; permet de chercher une chaine de caract\u00e8res dans toute la base de donn\u00e9es. Les r\u00e9sultats sont affich\u00e9s par prestation. Par exemple :<\/p>\n\n\n\n<ul><li>&#8220;2019&#8221;, affichera toutes les prestations de 2019.<\/li><li>&#8220;Mozart&#8221;, affichera tous les morceaux contenant &#8220;Mozart&#8221;, dans le titre, en tant que compositeur, tri\u00e9s par prestation par ordre d\u00e9croissant.<\/li><li>&#8220;polka&#8221;, affichera tous les morceaux o\u00f9 &#8220;polka&#8221; apparait.<\/li><li>&#8220;Coupole&#8221;, affichera toutes les prestations effectu\u00e9es \u00e0 la coupole, mais aussi tous les morceaux dans lesquels &#8220;coupole&#8221; apparait.<\/li><\/ul>\n","protected":false},"excerpt":{"rendered":"<p>Tous les d\u00e9tails de nos prestations sont accessibles depuis la page Historique, accessible depuis le menu principal. Les prestations sont class\u00e9es par ordre d\u00e9croissant, de la plus r\u00e9cente \u00e0 la plus ancienne. L&#8217;acc\u00e8s aux musiques, aux photos et aux vid\u00e9os<\/p>\n","protected":false},"author":1,"featured_media":17,"parent":0,"menu_order":0,"comment_status":"closed","ping_status":"closed","template":"","meta":[],"_links":{"self":[{"href":"http:\/\/oasl.org\/new\/index.php\/wp-json\/wp\/v2\/pages\/677"}],"collection":[{"href":"http:\/\/oasl.org\/new\/index.php\/wp-json\/wp\/v2\/pages"}],"about":[{"href":"http:\/\/oasl.org\/new\/index.php\/wp-json\/wp\/v2\/types\/page"}],"author":[{"embeddable":true,"href":"http:\/\/oasl.org\/new\/index.php\/wp-json\/wp\/v2\/users\/1"}],"replies":[{"embeddable":true,"href":"http:\/\/oasl.org\/new\/index.php\/wp-json\/wp\/v2\/comments?post=677"}],"version-history":[{"count":2,"href":"http:\/\/oasl.org\/new\/index.php\/wp-json\/wp\/v2\/pages\/677\/revisions"}],"predecessor-version":[{"id":679,"href":"http:\/\/oasl.org\/new\/index.php\/wp-json\/wp\/v2\/pages\/677\/revisions\/679"}],"wp:featuredmedia":[{"embeddable":true,"href":"http:\/\/oasl.org\/new\/index.php\/wp-json\/wp\/v2\/media\/17"}],"wp:attachment":[{"href":"http:\/\/oasl.org\/new\/index.php\/wp-json\/wp\/v2\/media?parent=677"}],"curies":[{"name":"wp","href":"https:\/\/api.w.org\/{rel}","templated":true}]}}